{"id":4,"date":"2025-04-13T23:04:18","date_gmt":"2025-04-13T21:04:18","guid":{"rendered":"https:\/\/michelemanzin.wordpress.com\/home\/"},"modified":"2026-03-31T21:35:39","modified_gmt":"2026-03-31T21:35:39","slug":"home","status":"publish","type":"page","link":"https:\/\/www.vacanzeincatamarano.it\/de\/","title":{"rendered":"Katamaran-Urlaub: Segeln, Entdecken, Wachsen"},"content":{"rendered":"<p>In den letzten Jahren sind Katamarane auf unseren Meeren immer pr\u00e4senter geworden: Sie sind komfortabel, stabil, modern und bieten eine v\u00f6llig neue Art, das Segeln zu erleben.<br \/>\nDoch trotz dieses Wachstums bieten nur sehr wenige Boote wirklich die M\u00f6glichkeit, Praxis zu sammeln, Man\u00f6ver zu \u00fcben, den Umgang mit einem Mehrrumpfboot zu verstehen und alles, was die Navigation auf einem Katamaran ausmacht, hautnah mitzuerleben.<\/p>\n<p>An Bord unserer Yacht ist all dies hingegen m\u00f6glich.<br \/>\nWir bieten nicht einfach nur eine Kreuzfahrt: Wir bieten ein authentisches Erlebnis, bei dem jeder, der m\u00f6chte, die Welt des Segelns auf spontane Weise kennenlernen kann \u2013 durch die aktive Teilnahme am Bordleben und das pers\u00f6nliche Entdecken, wie man einen Katamaran lebt und steuert.<\/p>\n<p>W\u00e4hrend der Reise k\u00f6nnen Sie sich je nach Neugier und Erfahrungsstand an der F\u00fchrung des Bootes beteiligen. Dies geschieht gemeinsam mit Seglern, die tausende Seemeilen im Mittelmeer, Atlantik und Pazifik zur\u00fcckgelegt haben und ihr Wissen mit gro\u00dfer Nat\u00fcrlichkeit teilen.<\/p>\n<p>Sie k\u00f6nnen die Routenplanung beobachten und mitgestalten, die Kartografie nutzen, die Bordistrumente lesen, lernen, wie wir Wind, Meer und Wetter bewerten, sowie an den Man\u00f6vern und dem t\u00e4glichen Management des Bootes teilnehmen.<br \/>\nAlles geschieht ohne starre Rollen: Sie lernen einfach, indem Sie das Meer leben.<\/p>\n<hr \/>\n<h2>Urlaub, Meer und Freiheit<\/h2>\n<p>Die Teilnahme an der Navigation bedeutet keineswegs den Verzicht auf den Urlaub \u2013 ganz im Gegenteil.<br \/>\nDer Rhythmus bleibt entspannt, mit Stopps in kristallklaren Buchten, Badepausen, Sonnenunterg\u00e4ngen vor Anker und den einzigartigen Landschaften der kroatischen Inseln.<br \/>\nWer m\u00f6chte, kann am Bordleben mitwirken; wer sich lieber entspannen m\u00f6chte, kann dies ganz ohne Probleme tun: Jeder Tag passt sich den Bedingungen des Meeres und den W\u00fcnschen der Gruppe an.<\/p>\n<hr \/>\n<h2>Unsere Philosophie des Meeres<\/h2>\n<p>Wir sind keine Ausbilder: Wir sind Segler.<br \/>\nWir segeln aus Leidenschaft, mit der Erfahrung aus Jahrzehnten auf See, und sind fest davon \u00fcberzeugt, dass man das Meer erleben muss, statt nur davon zu erz\u00e4hlen.<br \/>\nWer zu uns an Bord kommt, findet kein starres Programm vor, sondern ein authentisches Umfeld, in dem die Navigation zu einem nat\u00fcrlichen Teil der Reise wird und jeder in seinem eigenen Tempo mitwirken, beobachten, ausprobieren und wachsen kann.<\/p>\n<p>Unser eigentliches Ziel ist simpel: Wir m\u00f6chten Sie das Meer so erleben lassen, wie wir es tun \u2013 gepr\u00e4gt von Zusammenarbeit, Entdeckung und Freiheit.<\/p>\n<hr \/>\n<h2>Erleben Sie das Meer aus einer neuen Perspektive<\/h2>\n<p>Wenn Sie nach etwas anderem als der \u00fcblichen Kreuzfahrt suchen, wenn Sie der Welt der Katamarane n\u00e4herkommen wollen oder wenn Sie das Meer einfach authentischer und intensiver erleben m\u00f6chten, finden Sie an Bord eine erfahrene und leidenschaftliche Crew, die bereit ist, jede Route mit Ihnen zu teilen.<\/p>\n<p>An Bord sind Sie kein Passagier: Sie sind Teil der Reise.<\/p>","protected":false},"excerpt":{"rendered":"<p>Negli ultimi anni i catamarani stanno diventando sempre pi\u00f9 presenti nei nostri mari: sono confortevoli, stabili, moderni e offrono un modo completamente nuovo di vivere la navigazione. Eppure, nonostante questa crescita, pochissime barche danno realmente la possibilit\u00e0 di fare pratica, provare manovre, capire come si gestisce un multiscafo e vivere dall\u2019interno tutto ci\u00f2 che ruota &hellip; <a href=\"https:\/\/www.vacanzeincatamarano.it\/de\/\" class=\"more-link\"><span class=\"screen-reader-text\">Katamaran-Urlaub: Segeln, Entdecken, Wachsen<\/span> weiterlesen<\/a><\/p>","protected":false},"author":2,"featured_media":0,"parent":0,"menu_order":0,"comment_status":"closed","ping_status":"closed","template":"","meta":{"footnotes":""},"class_list":["post-4","page","type-page","status-publish","hentry"],"yoast_head":"<!-- This site is optimized with the Yoast SEO plugin v27.3 - https:\/\/yoast.com\/product\/yoast-seo-wordpress\/ -->\n<title>Vacanze in catamarano | corsi catamarano crociera<\/title>\n<meta name=\"description\" content=\"Vivi il mare da una prospettiva nuova. Vacanze in Catamarano ti offre qualcosa di diverso dalla solita crociera. Avvicinati al mondo dei catamarani.\" \/>\n<meta name=\"robots\" content=\"index, follow, max-snippet:-1, max-image-preview:large, max-video-preview:-1\" \/>\n<link rel=\"canonical\" href=\"https:\/\/www.vacanzeincatamarano.it\/de\/\" \/>\n<meta property=\"og:locale\" content=\"de_DE\" \/>\n<meta property=\"og:type\" content=\"article\" \/>\n<meta property=\"og:title\" content=\"Vacanze in catamarano | corsi catamarano crociera\" \/>\n<meta property=\"og:description\" content=\"Vivi il mare da una prospettiva nuova. Vacanze in Catamarano ti offre qualcosa di diverso dalla solita crociera. Avvicinati al mondo dei catamarani.\" \/>\n<meta property=\"og:url\" content=\"https:\/\/www.vacanzeincatamarano.it\/de\/\" \/>\n<meta property=\"og:site_name\" content=\"Vacanze in catamarano\" \/>\n<meta property=\"article:modified_time\" content=\"2026-03-31T21:35:39+00:00\" \/>\n<meta name=\"twitter:card\" content=\"summary_large_image\" \/>\n<meta name=\"twitter:label1\" content=\"Gesch\u00e4tzte Lesezeit\" \/>\n\t<meta name=\"twitter:data1\" content=\"3\u00a0Minuten\" \/>\n<script type=\"application\/ld+json\" class=\"yoast-schema-graph\">{\"@context\":\"https:\\\/\\\/schema.org\",\"@graph\":[{\"@type\":\"WebPage\",\"@id\":\"https:\\\/\\\/www.vacanzeincatamarano.it\\\/de\\\/\",\"url\":\"https:\\\/\\\/www.vacanzeincatamarano.it\\\/de\\\/\",\"name\":\"Vacanze in catamarano | corsi catamarano crociera\",\"isPartOf\":{\"@id\":\"https:\\\/\\\/www.vacanzeincatamarano.it\\\/de\\\/#website\"},\"datePublished\":\"2025-04-13T21:04:18+00:00\",\"dateModified\":\"2026-03-31T21:35:39+00:00\",\"description\":\"Vivi il mare da una prospettiva nuova. Vacanze in Catamarano ti offre qualcosa di diverso dalla solita crociera. Avvicinati al mondo dei catamarani.\",\"breadcrumb\":{\"@id\":\"https:\\\/\\\/www.vacanzeincatamarano.it\\\/de\\\/#breadcrumb\"},\"inLanguage\":\"de\",\"potentialAction\":[{\"@type\":\"ReadAction\",\"target\":[\"https:\\\/\\\/www.vacanzeincatamarano.it\\\/de\\\/\"]}]},{\"@type\":\"BreadcrumbList\",\"@id\":\"https:\\\/\\\/www.vacanzeincatamarano.it\\\/de\\\/#breadcrumb\",\"itemListElement\":[{\"@type\":\"ListItem\",\"position\":1,\"name\":\"Home\",\"item\":\"https:\\\/\\\/www.vacanzeincatamarano.it\\\/\"},{\"@type\":\"ListItem\",\"position\":2,\"name\":\"Vacanze in Catamarano: Navigare, Scoprire, Crescere\"}]},{\"@type\":\"WebSite\",\"@id\":\"https:\\\/\\\/www.vacanzeincatamarano.it\\\/de\\\/#website\",\"url\":\"https:\\\/\\\/www.vacanzeincatamarano.it\\\/de\\\/\",\"name\":\"Vacanze in catamarano\",\"description\":\"\",\"publisher\":{\"@id\":\"https:\\\/\\\/www.vacanzeincatamarano.it\\\/de\\\/#organization\"},\"potentialAction\":[{\"@type\":\"SearchAction\",\"target\":{\"@type\":\"EntryPoint\",\"urlTemplate\":\"https:\\\/\\\/www.vacanzeincatamarano.it\\\/de\\\/?s={search_term_string}\"},\"query-input\":{\"@type\":\"PropertyValueSpecification\",\"valueRequired\":true,\"valueName\":\"search_term_string\"}}],\"inLanguage\":\"de\"},{\"@type\":\"Organization\",\"@id\":\"https:\\\/\\\/www.vacanzeincatamarano.it\\\/de\\\/#organization\",\"name\":\"Vacanze in catamarano\",\"url\":\"https:\\\/\\\/www.vacanzeincatamarano.it\\\/de\\\/\",\"logo\":{\"@type\":\"ImageObject\",\"inLanguage\":\"de\",\"@id\":\"https:\\\/\\\/www.vacanzeincatamarano.it\\\/de\\\/#\\\/schema\\\/logo\\\/image\\\/\",\"url\":\"https:\\\/\\\/www.vacanzeincatamarano.it\\\/wp-content\\\/uploads\\\/2025\\\/04\\\/cropped-file_00000000c68c6246bf118349145f90c9_conversation_id67fcda06-c134-8003-a996-97e401762c94message_idac7cbb2a-1640-4af0-a54c-bc8359d5eb93.png\",\"contentUrl\":\"https:\\\/\\\/www.vacanzeincatamarano.it\\\/wp-content\\\/uploads\\\/2025\\\/04\\\/cropped-file_00000000c68c6246bf118349145f90c9_conversation_id67fcda06-c134-8003-a996-97e401762c94message_idac7cbb2a-1640-4af0-a54c-bc8359d5eb93.png\",\"width\":512,\"height\":512,\"caption\":\"Vacanze in catamarano\"},\"image\":{\"@id\":\"https:\\\/\\\/www.vacanzeincatamarano.it\\\/de\\\/#\\\/schema\\\/logo\\\/image\\\/\"}}]}<\/script>\n<!-- \/ Yoast SEO plugin. -->","yoast_head_json":{"title":"Vacanze in catamarano | corsi catamarano crociera","description":"Vivi il mare da una prospettiva nuova. Vacanze in Catamarano ti offre qualcosa di diverso dalla solita crociera. Avvicinati al mondo dei catamarani.","robots":{"index":"index","follow":"follow","max-snippet":"max-snippet:-1","max-image-preview":"max-image-preview:large","max-video-preview":"max-video-preview:-1"},"canonical":"https:\/\/www.vacanzeincatamarano.it\/de\/","og_locale":"de_DE","og_type":"article","og_title":"Vacanze in catamarano | corsi catamarano crociera","og_description":"Vivi il mare da una prospettiva nuova. Vacanze in Catamarano ti offre qualcosa di diverso dalla solita crociera. Avvicinati al mondo dei catamarani.","og_url":"https:\/\/www.vacanzeincatamarano.it\/de\/","og_site_name":"Vacanze in catamarano","article_modified_time":"2026-03-31T21:35:39+00:00","twitter_card":"summary_large_image","twitter_misc":{"Gesch\u00e4tzte Lesezeit":"3\u00a0Minuten"},"schema":{"@context":"https:\/\/schema.org","@graph":[{"@type":"WebPage","@id":"https:\/\/www.vacanzeincatamarano.it\/de\/","url":"https:\/\/www.vacanzeincatamarano.it\/de\/","name":"Vacanze in catamarano | corsi catamarano crociera","isPartOf":{"@id":"https:\/\/www.vacanzeincatamarano.it\/de\/#website"},"datePublished":"2025-04-13T21:04:18+00:00","dateModified":"2026-03-31T21:35:39+00:00","description":"Vivi il mare da una prospettiva nuova. Vacanze in Catamarano ti offre qualcosa di diverso dalla solita crociera. Avvicinati al mondo dei catamarani.","breadcrumb":{"@id":"https:\/\/www.vacanzeincatamarano.it\/de\/#breadcrumb"},"inLanguage":"de","potentialAction":[{"@type":"ReadAction","target":["https:\/\/www.vacanzeincatamarano.it\/de\/"]}]},{"@type":"BreadcrumbList","@id":"https:\/\/www.vacanzeincatamarano.it\/de\/#breadcrumb","itemListElement":[{"@type":"ListItem","position":1,"name":"Home","item":"https:\/\/www.vacanzeincatamarano.it\/"},{"@type":"ListItem","position":2,"name":"Vacanze in Catamarano: Navigare, Scoprire, Crescere"}]},{"@type":"WebSite","@id":"https:\/\/www.vacanzeincatamarano.it\/de\/#website","url":"https:\/\/www.vacanzeincatamarano.it\/de\/","name":"Katamaran Urlaub","description":"","publisher":{"@id":"https:\/\/www.vacanzeincatamarano.it\/de\/#organization"},"potentialAction":[{"@type":"SearchAction","target":{"@type":"EntryPoint","urlTemplate":"https:\/\/www.vacanzeincatamarano.it\/de\/?s={search_term_string}"},"query-input":{"@type":"PropertyValueSpecification","valueRequired":true,"valueName":"search_term_string"}}],"inLanguage":"de"},{"@type":"Organization","@id":"https:\/\/www.vacanzeincatamarano.it\/de\/#organization","name":"Katamaran Urlaub","url":"https:\/\/www.vacanzeincatamarano.it\/de\/","logo":{"@type":"ImageObject","inLanguage":"de","@id":"https:\/\/www.vacanzeincatamarano.it\/de\/#\/schema\/logo\/image\/","url":"https:\/\/www.vacanzeincatamarano.it\/wp-content\/uploads\/2025\/04\/cropped-file_00000000c68c6246bf118349145f90c9_conversation_id67fcda06-c134-8003-a996-97e401762c94message_idac7cbb2a-1640-4af0-a54c-bc8359d5eb93.png","contentUrl":"https:\/\/www.vacanzeincatamarano.it\/wp-content\/uploads\/2025\/04\/cropped-file_00000000c68c6246bf118349145f90c9_conversation_id67fcda06-c134-8003-a996-97e401762c94message_idac7cbb2a-1640-4af0-a54c-bc8359d5eb93.png","width":512,"height":512,"caption":"Vacanze in catamarano"},"image":{"@id":"https:\/\/www.vacanzeincatamarano.it\/de\/#\/schema\/logo\/image\/"}}]}},"jetpack_sharing_enabled":false,"_links":{"self":[{"href":"https:\/\/www.vacanzeincatamarano.it\/de\/wp-json\/wp\/v2\/pages\/4","targetHints":{"allow":["GET"]}}],"collection":[{"href":"https:\/\/www.vacanzeincatamarano.it\/de\/wp-json\/wp\/v2\/pages"}],"about":[{"href":"https:\/\/www.vacanzeincatamarano.it\/de\/wp-json\/wp\/v2\/types\/page"}],"author":[{"embeddable":true,"href":"https:\/\/www.vacanzeincatamarano.it\/de\/wp-json\/wp\/v2\/users\/2"}],"replies":[{"embeddable":true,"href":"https:\/\/www.vacanzeincatamarano.it\/de\/wp-json\/wp\/v2\/comments?post=4"}],"version-history":[{"count":30,"href":"https:\/\/www.vacanzeincatamarano.it\/de\/wp-json\/wp\/v2\/pages\/4\/revisions"}],"predecessor-version":[{"id":407,"href":"https:\/\/www.vacanzeincatamarano.it\/de\/wp-json\/wp\/v2\/pages\/4\/revisions\/407"}],"wp:attachment":[{"href":"https:\/\/www.vacanzeincatamarano.it\/de\/wp-json\/wp\/v2\/media?parent=4"}],"curies":[{"name":"wp","href":"https:\/\/api.w.org\/{rel}","templated":true}]}}